{"id":22,"date":"2023-06-23T06:51:29","date_gmt":"2023-06-23T04:51:29","guid":{"rendered":"https:\/\/strickwarenmanufaktur.de\/?page_id=22"},"modified":"2023-06-26T07:24:52","modified_gmt":"2023-06-26T05:24:52","slug":"impressum","status":"publish","type":"page","link":"https:\/\/strickwarenmanufaktur.de\/?page_id=22","title":{"rendered":"Impressum"},"content":{"rendered":"\t\t<div data-elementor-type=\"wp-page\" data-elementor-id=\"22\" class=\"elementor elementor-22\">\n\t\t\t\t\t\t\t\t\t<section class=\"elementor-section elementor-top-section elementor-element elementor-element-4c246d8 elementor-section-height-min-height elementor-section-boxed elementor-section-height-default elementor-section-items-middle\" data-id=\"4c246d8\" data-element_type=\"section\">\n\t\t\t\t\t\t<div class=\"elementor-container elementor-column-gap-default\">\n\t\t\t\t\t<div class=\"elementor-column elementor-col-100 elementor-top-column elementor-element elementor-element-3f88c16\" data-id=\"3f88c16\" data-element_type=\"column\">\n\t\t\t<div class=\"elementor-widget-wrap elementor-element-populated\">\n\t\t\t\t\t\t\t\t<div class=\"elementor-element elementor-element-f32a63c elementor-widget elementor-widget-text-editor\" data-id=\"f32a63c\" data-element_type=\"widget\" data-widget_type=\"text-editor.default\">\n\t\t\t\t<div class=\"elementor-widget-container\">\n\t\t\t<style>\/*! elementor - v3.14.0 - 26-06-2023 *\/\n.elementor-widget-text-editor.elementor-drop-cap-view-stacked .elementor-drop-cap{background-color:#69727d;color:#fff}.elementor-widget-text-editor.elementor-drop-cap-view-framed .elementor-drop-cap{color:#69727d;border:3px solid;background-color:transparent}.elementor-widget-text-editor:not(.elementor-drop-cap-view-default) .elementor-drop-cap{margin-top:8px}.elementor-widget-text-editor:not(.elementor-drop-cap-view-default) .elementor-drop-cap-letter{width:1em;height:1em}.elementor-widget-text-editor .elementor-drop-cap{float:left;text-align:center;line-height:1;font-size:50px}.elementor-widget-text-editor .elementor-drop-cap-letter{display:inline-block}<\/style>\t\t\t\t<p>Die StrickwarenManufaktur GmbH<br \/><br \/>Heinrich-K\u00fcderli-Stra\u00dfe 51<br \/><br \/>DE-71332 Waiblingen<\/p><p>\u00a0<\/p><p>mail: mail@StrickwarenManufaktur.de\u00a0 \u00a0 \u00a0<\/p><p>tel: +49 7151 95920-60<\/p><p>USt-Ident.Nr.: DE 359678127<\/p><p>Handelsregister Stuttgart HRB789406<\/p><p>Gesch\u00e4ftsf\u00fchrung: Uwe L\u00f6sch<\/p><p>\u00a0<\/p><p>Inhaltlich Verantwortlich gem\u00e4\u00df \u00a7 18 Abs. 2 MStV:\u00a0 L\u00f6sch GmbH &amp; Co. KG<\/p><p>Webseite: Konzept, Gestaltung &amp; Umsetzung: L\u00f6sch GmbH &amp; Co. KG<\/p>\t\t\t\t\t\t<\/div>\n\t\t\t\t<\/div>\n\t\t\t\t\t<\/div>\n\t\t<\/div>\n\t\t\t\t\t\t\t<\/div>\n\t\t<\/section>\n\t\t\t\t\t\t\t<\/div>\n\t\t","protected":false},"excerpt":{"rendered":"<p>Die StrickwarenManufaktur GmbH Heinrich-K\u00fcderli-Stra\u00dfe 51 DE-71332 Waiblingen \u00a0 mail: mail@StrickwarenManufaktur.de\u00a0 \u00a0 \u00a0 tel: +49 7151 95920-60 USt-Ident.Nr.: DE 359678127 Handelsregister Stuttgart HRB789406 Gesch\u00e4ftsf\u00fchrung: Uwe L\u00f6sch \u00a0 Inhaltlich Verantwortlich gem\u00e4\u00df \u00a7 18 Abs. 2 MStV:\u00a0 L\u00f6sch GmbH &amp; Co. KG Webseite: Konzept, Gestaltung &amp; Umsetzung: L\u00f6sch GmbH &amp; Co. KG<\/p>\n","protected":false},"author":1,"featured_media":0,"parent":0,"menu_order":0,"comment_status":"closed","ping_status":"closed","template":"","meta":{"footnotes":""},"class_list":["post-22","page","type-page","status-publish","hentry"],"_links":{"self":[{"href":"https:\/\/strickwarenmanufaktur.de\/index.php?rest_route=\/wp\/v2\/pages\/22","targetHints":{"allow":["GET"]}}],"collection":[{"href":"https:\/\/strickwarenmanufaktur.de\/index.php?rest_route=\/wp\/v2\/pages"}],"about":[{"href":"https:\/\/strickwarenmanufaktur.de\/index.php?rest_route=\/wp\/v2\/types\/page"}],"author":[{"embeddable":true,"href":"https:\/\/strickwarenmanufaktur.de\/index.php?rest_route=\/wp\/v2\/users\/1"}],"replies":[{"embeddable":true,"href":"https:\/\/strickwarenmanufaktur.de\/index.php?rest_route=%2Fwp%2Fv2%2Fcomments&post=22"}],"version-history":[{"count":16,"href":"https:\/\/strickwarenmanufaktur.de\/index.php?rest_route=\/wp\/v2\/pages\/22\/revisions"}],"predecessor-version":[{"id":99,"href":"https:\/\/strickwarenmanufaktur.de\/index.php?rest_route=\/wp\/v2\/pages\/22\/revisions\/99"}],"wp:attachment":[{"href":"https:\/\/strickwarenmanufaktur.de\/index.php?rest_route=%2Fwp%2Fv2%2Fmedia&parent=22"}],"curies":[{"name":"wp","href":"https:\/\/api.w.org\/{rel}","templated":true}]}}